{"id":95,"date":"2022-08-24T12:28:27","date_gmt":"2022-08-24T12:28:27","guid":{"rendered":"https:\/\/accessibility.wales\/?page_id=95"},"modified":"2023-08-31T10:15:27","modified_gmt":"2023-08-31T10:15:27","slug":"uk-accessibility-laws","status":"publish","type":"page","link":"https:\/\/accessibility.wales\/cy\/uk-accessibility-laws\/","title":{"rendered":"Cyfreithiau Hygyrchedd y DU"},"content":{"rendered":"<div class=\"wp-block-columns is-layout-flex wp-container-core-columns-is-layout-9d6595d7 wp-block-columns-is-layout-flex\">\n<div class=\"wp-block-column is-layout-flow wp-block-column-is-layout-flow\" style=\"flex-basis:100%\">\n<p>Un o'r darnau allweddol o ddeddfwriaeth hygyrchedd gwefannau yn y DU yw Deddf Cydraddoldeb 2010 (DCC). Disodlodd y DCC 1995 sy'n ymwneud \u00e2 Gwahaniaethu Gwrthanas i Anabledd ar draws y DU, heblaw am Ogledd Iwerddon.<\/p>\n<\/div>\n<\/div>\n\n\n\n<div class=\"wp-block-columns is-layout-flex wp-container-core-columns-is-layout-9d6595d7 wp-block-columns-is-layout-flex\">\n<div class=\"wp-block-column is-layout-flow wp-block-column-is-layout-flow\" style=\"flex-basis:100%\">\n<p>Mae Deddf Cydraddoldeb 2010 yn eang, dan y ddeddfwriaeth hon mae darparwyr nwyddau a gwasanaethau yn y DU (sefydliadau sector cyhoeddus a sector preifat) yn gorfod cydymffurfio \u00e2 rhwymedigaeth gyfreithiol i beidio \u00e2 gwahaniaethu yn erbyn pobl sydd \u00e2 nodweddion gwarchodedig, gan gynnwys anabledd. Mae hyn yn cwmpasu pobl ag anableddau gweledol, symudol, clyw, deallusol a dysgu.<\/p>\n<\/div>\n<\/div>\n\n\n\n<div class=\"wp-block-columns is-layout-flex wp-container-core-columns-is-layout-9d6595d7 wp-block-columns-is-layout-flex\">\n<div class=\"wp-block-column is-layout-flow wp-block-column-is-layout-flow\" style=\"flex-basis:100%\">\n<p>Mae'r DCC yn gofyn mwy na dim oni bai am beidio \u00e2 gwahaniaethu, mae'n ei gwneud yn ofynnol i berchnogion gwefannau ddarparu profiad cyfartal i'r holl ddefnyddwyr. I gydymffurfio \u00e2'r gyfraith, rhaid i berchnogion gwefannau yn y DU wneud addasiadau rhesymol o'u blaen i sicrhau bod eu gwefan yn hygyrch i bobl ag anableddau, nid aros i achos cyfreithiol ddweud wrthynt nad yw eu gwefan yn hygyrch.<\/p>\n<\/div>\n<\/div>\n\n\n\n<div class=\"wp-block-columns is-layout-flex wp-container-core-columns-is-layout-9d6595d7 wp-block-columns-is-layout-flex\">\n<div class=\"wp-block-column is-layout-flow wp-block-column-is-layout-flow\" style=\"flex-basis:100%\">\n<p>Nid yw'r DCC ei hun yn nodi unrhyw safon dechnegol y mae ei angen ar wefannau, felly yn ymarferol rydym yn defnyddio Canllawiau Hygyrchedd Cynnwys y We (WCAG), a gyhoeddwyd gan W3C, fel mesur o ba mor hygyrch yw gwefan. Mae profion awtomeiddio'n effeithiol ond nid ydynt yn arwydd iawn a ddaw'n hygyrchdod y wefan, mae angen rhywfaint o asesiad \u00e2 llaw.<\/p>\n<\/div>\n<\/div>\n\n\n\n<div class=\"wp-block-columns is-layout-flex wp-container-core-columns-is-layout-9d6595d7 wp-block-columns-is-layout-flex\">\n<div class=\"wp-block-column is-layout-flow wp-block-column-is-layout-flow\" style=\"flex-basis:100%\">\n<p>Mae gwybod sut y mae WCAG yn gweithio yn bwysig gan ei fod yn y safon y mae cyfreithiau hygyrchedd y DU yn ei ddefnyddio i benderfynu os yw gwefan yn hygyrch. Dau ddogfen allweddol o ddeddfwriaeth hygyrchedd gwefannau y mae angen i sefydliadau fod yn gyfarwydd \u00e2 nhw yw:<\/p>\n<\/div>\n<\/div>\n\n\n\n<div class=\"wp-block-columns is-layout-flex wp-container-core-columns-is-layout-9d6595d7 wp-block-columns-is-layout-flex\">\n<div class=\"wp-block-column is-layout-flow wp-block-column-is-layout-flow\" style=\"flex-basis:100%\">\n<ul class=\"wp-block-list\">\n<li><a href=\"https:\/\/www.legislation.gov.uk\/cy\/ukpga\/2010\/15\/contents\" target=\"_blank\" rel=\"noreferrer noopener\">Deddf Cydraddoldeb (2010)<\/a><a href=\"https:\/\/www.legislation.gov.uk\/cy\/ukpga\/2010\/15\/contents\">)<\/a><\/li>\n\n\n\n<li><a href=\"https:\/\/www.legislation.gov.uk\/cy\/uksi\/2018\/952\/contents\/made\">Rheoliadau Hygyrchedd Cyrff y Sector Cyhoeddus (Gwefannau ac Apwyliadau Symudol) 2018<\/a><\/li>\n<\/ul>\n<\/div>\n<\/div>\n\n\n\n<div class=\"wp-block-columns is-layout-flex wp-container-core-columns-is-layout-9d6595d7 wp-block-columns-is-layout-flex\">\n<div class=\"wp-block-column is-layout-flow wp-block-column-is-layout-flow\" style=\"flex-basis:100%\">\n<h2 class=\"wp-block-heading\">Cyfarwyddydion Syml ar gyfer Cydymffurfio<\/h2>\n<\/div>\n<\/div>\n\n\n\n<div class=\"wp-block-columns is-layout-flex wp-container-core-columns-is-layout-9d6595d7 wp-block-columns-is-layout-flex\">\n<div class=\"wp-block-column is-layout-flow wp-block-column-is-layout-flow\" style=\"flex-basis:100%\">\n<p>Er mwyn bod mor hygyrch \u00e2 phosibl i'r holl ddefnyddwyr ac ateb gofynion cyfreithiau hygyrchedd gwefan y DU, dylid adeiladu gwefannau gyda'r egwyddorion hygyrchedd gan WCAG mewn golwg. Mae pedwar egwyddor, a gyfeirir atynt yn aml fel POUR (Saes):<\/p>\n<\/div>\n<\/div>\n\n\n\n<div class=\"wp-block-columns is-layout-flex wp-container-core-columns-is-layout-9d6595d7 wp-block-columns-is-layout-flex\">\n<div class=\"wp-block-column is-layout-flow wp-block-column-is-layout-flow\" style=\"flex-basis:100%\">\n<ul class=\"wp-block-list\">\n<li><strong>Ddangos<\/strong> - Dylai pawb allu defnyddio eich cynnwys yn gywir, boed iddynt gael colled clyw, colled golwg neu anhawsterau eraill.<\/li>\n\n\n\n<li><strong>Reoli<\/strong> - Dylai cynnwys y wefan fod yn hygyrch i'w lywio gyda bysellfwrdd neu dechnolegau cynorthwyol. Ni ddylai defnyddwyr gael mynediad cyfyngedig at gynnwys oherwydd eu dyfais fynediad.<\/li>\n\n\n\n<li><strong>Dealladwy<\/strong> - Dylai rhyngwynebau a chynnwys y wefan fod yn syml, yn ddealladwy ac yn rhagweladwy. Dylai'r iaith a'r rheolyddion a ddefnyddir fod yn dealladwy i bob defnyddiwr.<\/li>\n\n\n\n<li><strong>Cadarn<\/strong> - Dylai'r cynnwys fod yn cyd-fynd \u00e2 ystod eang o offer technoleg cynorthwyol fel darllenyddion sgrin. Dylai fod yn cael ei gefnogi gan god dilys a darparu enwau a rolau ar gyfer cydrannau DI anghyffredin.<\/li>\n<\/ul>\n<\/div>\n<\/div>\n\n\n\n<div class=\"wp-block-columns is-layout-flex wp-container-core-columns-is-layout-9d6595d7 wp-block-columns-is-layout-flex\">\n<div class=\"wp-block-column is-layout-flow wp-block-column-is-layout-flow\" style=\"flex-basis:100%\">\n<p>I arwain rheolwyr gwefan i ddilyn yr egwyddorion hyn, mae WCAG hefyd yn amlinellu safonau technegol i fesur lefel hygyrchedd gwefan. Mae'r safonau wedi'u rhannu'n 3 lefel:<\/p>\n<\/div>\n<\/div>\n\n\n\n<div class=\"wp-block-columns is-layout-flex wp-container-core-columns-is-layout-9d6595d7 wp-block-columns-is-layout-flex\">\n<div class=\"wp-block-column is-layout-flow wp-block-column-is-layout-flow\" style=\"flex-basis:100%\">\n<ul class=\"wp-block-list\">\n<li><strong>A<\/strong> - Pages sydd \u00e2 materion lefel A yw anhyblyg i rai pobl. Mae'r rhain yn debygol o fod yn faterion yn y cod sy'n gwneud y cynnwys yn anodd ei ddarllen neu'n hawdd ei gamddeall.<\/li>\n\n\n\n<li><strong>AA<\/strong> - Mae tudalennau sydd \u00e2 materion lefel AA yn anodd eu defnyddio.<\/li>\n\n\n\n<li><strong>AAA<\/strong> - Mae tudalennau sydd \u00e2 materion lefel AAA yn gallu bod yn anodd eu defnyddio.<\/li>\n<\/ul>\n<\/div>\n<\/div>\n\n\n\n<div class=\"wp-block-columns is-layout-flex wp-container-core-columns-is-layout-9d6595d7 wp-block-columns-is-layout-flex\">\n<div class=\"wp-block-column is-layout-flow wp-block-column-is-layout-flow\" style=\"flex-basis:100%\">\n<p>Gallwn gynnal profion a gwiriadau awtomeiddio ar gyfer pob tudalen ar eich gwefan a thrafod unrhyw faterion sy'n codi, ond weithiau mae asesiad \u00e2 llaw o'r llif cynnwys yn ofynnol i sicrhau bod y cynnwys mewn gwirionedd yn hygyrch i bob defnyddiwr.<\/p>\n<\/div>\n<\/div>\n\n\n\n<div class=\"wp-block-columns is-layout-flex wp-container-core-columns-is-layout-9d6595d7 wp-block-columns-is-layout-flex\">\n<div class=\"wp-block-column is-layout-flow wp-block-column-is-layout-flow\" style=\"flex-basis:100%\">\n<h2 class=\"wp-block-heading\">Pwy sy'n ofynnol i ddilyn Rheoliadau Hygyrchedd Cyrff y Sector Cyhoeddus?<\/h2>\n<\/div>\n<\/div>\n\n\n\n<div class=\"wp-block-columns is-layout-flex wp-container-core-columns-is-layout-9d6595d7 wp-block-columns-is-layout-flex\">\n<div class=\"wp-block-column is-layout-flow wp-block-column-is-layout-flow\" style=\"flex-basis:100%\">\n<p>Mae'n rhaid i gyrff y sector cyhoeddus sy'n gorfod cydymffurfio \u00e2'r gyfraith gynnwys:<\/p>\n<\/div>\n<\/div>\n\n\n\n<div class=\"wp-block-columns is-layout-flex wp-container-core-columns-is-layout-9d6595d7 wp-block-columns-is-layout-flex\">\n<div class=\"wp-block-column is-layout-flow wp-block-column-is-layout-flow\" style=\"flex-basis:100%\">\n<ul class=\"wp-block-list\">\n<li>Sefydliadau llywodraeth ganolog<\/li>\n\n\n\n<li>Sefydliadau llywodraeth leol<\/li>\n\n\n\n<li>Rhai elusennau<\/li>\n\n\n\n<li>Rhai sefydliadau nad ydynt yn llywodraethol<\/li>\n<\/ul>\n<\/div>\n<\/div>\n\n\n\n<div class=\"wp-block-columns is-layout-flex wp-container-core-columns-is-layout-9d6595d7 wp-block-columns-is-layout-flex\">\n<div class=\"wp-block-column is-layout-flow wp-block-column-is-layout-flow\" style=\"flex-basis:100%\">\n<p>Nid yw'n rhaid i sefydliadau sector cyhoeddus sydd wedi'u rhyddhau o'r gyfraith gynnwys:<\/p>\n<\/div>\n<\/div>\n\n\n\n<div class=\"wp-block-columns is-layout-flex wp-container-core-columns-is-layout-9d6595d7 wp-block-columns-is-layout-flex\">\n<div class=\"wp-block-column is-layout-flow wp-block-column-is-layout-flow\" style=\"flex-basis:100%\">\n<ul class=\"wp-block-list\">\n<li>Sefydliadau nad ydynt yn llywodraethol. Mae hyn yn cynnwys sefydliadau elusennol oni bai eu bod yn cael eu hariannu'n bennaf gan gyllid cyhoeddus, yn darparu gwasanaethau sy'n hanfodol i'r cyhoedd neu wedi eu targedu at bobl anabl.<\/li>\n\n\n\n<li>Darlledwyr sector cyhoeddus a'u cwmn\u00efau cyfatebol.<\/li>\n<\/ul>\n<\/div>\n<\/div>\n\n\n\n<div class=\"wp-block-columns is-layout-flex wp-container-core-columns-is-layout-9d6595d7 wp-block-columns-is-layout-flex\">\n<div class=\"wp-block-column is-layout-flow wp-block-column-is-layout-flow\" style=\"flex-basis:100%\">\n<p>Sefydliadau sector cyhoeddus sydd yn rhannol wedi'u rhyddhau o'r gyfraith gynnwys:<\/p>\n<\/div>\n<\/div>\n\n\n\n<div class=\"wp-block-columns is-layout-flex wp-container-core-columns-is-layout-9d6595d7 wp-block-columns-is-layout-flex\">\n<div class=\"wp-block-column is-layout-flow wp-block-column-is-layout-flow\" style=\"flex-basis:100%\">\n<ul class=\"wp-block-list\">\n<li>Ysgolion cynradd ac uwchradd a meithrinfeydd \u2013 gyda'r eithriad o gynnwys gwefan y mae pobl angen ei gyrchu er mwyn defnyddio eu gwasanaethau.<\/li>\n<\/ul>\n<\/div>\n<\/div>\n\n\n\n<div class=\"wp-block-columns is-layout-flex wp-container-core-columns-is-layout-9d6595d7 wp-block-columns-is-layout-flex\">\n<div class=\"wp-block-column is-layout-flow wp-block-column-is-layout-flow\" style=\"flex-basis:100%\">\n<p>Mae angen i sefydliadau sydd yn rhannol wedi'u rhyddhau o'r gyfraith dal gyhoeddi datganiad hygyrchedd ar eu gwefan i gyfleu lefel ymgorfforaeth a fwriadwyd.<\/p>\n<\/div>\n<\/div>\n\n\n\n<div class=\"wp-block-columns is-layout-flex wp-container-core-columns-is-layout-9d6595d7 wp-block-columns-is-layout-flex\">\n<div class=\"wp-block-column is-layout-flow wp-block-column-is-layout-flow\" style=\"flex-basis:100%\">\n<h2 class=\"wp-block-heading\">Nid yw'n ofynnol i sefydliadau sector preifat gydymffurfio \u00e2 chyfreithiau hygyrchedd?<\/h2>\n<\/div>\n<\/div>\n\n\n\n<div class=\"wp-block-columns is-layout-flex wp-container-core-columns-is-layout-9d6595d7 wp-block-columns-is-layout-flex\">\n<div class=\"wp-block-column is-layout-flow wp-block-column-is-layout-flow\" style=\"flex-basis:100%\">\n<p>Ydw, yn y DU mae angen i sefydliadau sector preifat gydymffurfio \u00e2 goblygiadau'r <a href=\"https:\/\/www.legislation.gov.uk\/cy\/ukpga\/2010\/15\/contents\" target=\"_blank\" rel=\"noreferrer noopener\">Deddf Cydraddoldeb (2010)<\/a> sy'n nodi na ddylid gwahaniaethu yn erbyn pobl ag anableddau ac y ceir dyletswydd i wneud addasiadau. <\/p>\n<\/div>\n<\/div>\n\n\n\n<div class=\"wp-block-columns is-layout-flex wp-container-core-columns-is-layout-9d6595d7 wp-block-columns-is-layout-flex\">\n<div class=\"wp-block-column is-layout-flow wp-block-column-is-layout-flow\" style=\"flex-basis:100%\">\n<p>Y tu hwnt i'r gofynion, mae dadleuon perswadiol y gall cyflawni safonau hygyrchedd gwefan fod yn dda i fusnes. Mae 28% o bobl yng Nghymru yn byw gydag rhyw fath o nam. Byddech yn osgoi gwneud gwerthiannau i gyfran sylweddol o'r boblogaeth yn awtomatig os nad yw eich gwefan yn hygyrch. <\/p>\n<\/div>\n<\/div>","protected":false},"excerpt":{"rendered":"<p>One of the key pieces of web accessibility legislation in the UK is the Equality Act 2010 (EQA). The EQA replaced the 1995 Disability Discrimination Act across the UK, with the exception of Northern Ireland. The Equality Act 2010 is broad, under it UK goods and service providers (both public and private sector organisations) have [&hellip;]<\/p>\n","protected":false},"author":1,"featured_media":0,"parent":0,"menu_order":0,"comment_status":"closed","ping_status":"closed","template":"","meta":{"_acf_changed":false,"footnotes":""},"class_list":["post-95","page","type-page","status-publish","hentry"],"acf":[],"yoast_head":"<!-- This site is optimized with the Yoast SEO plugin v27.6 - https:\/\/yoast.com\/product\/yoast-seo-wordpress\/ -->\n<title>UK Accessibility Laws - Accessibility Wales<\/title>\n<meta name=\"description\" content=\"28% of people in Wales live with some form of impairment. In the UK organisations need to comply with the EQA and that there is a duty to make adjustments.\" \/>\n<meta name=\"robots\" content=\"index, follow, max-snippet:-1, max-image-preview:large, max-video-preview:-1\" \/>\n<link rel=\"canonical\" href=\"https:\/\/accessibility.wales\/cy\/uk-accessibility-laws\/\" \/>\n<meta property=\"og:locale\" content=\"en_US\" \/>\n<meta property=\"og:type\" content=\"article\" \/>\n<meta property=\"og:title\" content=\"UK Accessibility Laws - Accessibility Wales\" \/>\n<meta property=\"og:description\" content=\"28% of people in Wales live with some form of impairment. In the UK organisations need to comply with the EQA and that there is a duty to make adjustments.\" \/>\n<meta property=\"og:url\" content=\"https:\/\/accessibility.wales\/cy\/uk-accessibility-laws\/\" \/>\n<meta property=\"og:site_name\" content=\"Accessibility Wales\" \/>\n<meta property=\"article:modified_time\" content=\"2023-08-31T10:15:27+00:00\" \/>\n<meta name=\"twitter:card\" content=\"summary_large_image\" \/>\n<meta name=\"twitter:label1\" content=\"Est. reading time\" \/>\n\t<meta name=\"twitter:data1\" content=\"4 munud\" \/>\n<script type=\"application\/ld+json\" class=\"yoast-schema-graph\">{\"@context\":\"https:\\\/\\\/schema.org\",\"@graph\":[{\"@type\":\"WebPage\",\"@id\":\"https:\\\/\\\/accessibility.wales\\\/uk-accessibility-laws\\\/\",\"url\":\"https:\\\/\\\/accessibility.wales\\\/uk-accessibility-laws\\\/\",\"name\":\"UK Accessibility Laws - Accessibility Wales\",\"isPartOf\":{\"@id\":\"https:\\\/\\\/accessibility.wales\\\/#website\"},\"datePublished\":\"2022-08-24T12:28:27+00:00\",\"dateModified\":\"2023-08-31T10:15:27+00:00\",\"description\":\"28% of people in Wales live with some form of impairment. In the UK organisations need to comply with the EQA and that there is a duty to make adjustments.\",\"breadcrumb\":{\"@id\":\"https:\\\/\\\/accessibility.wales\\\/uk-accessibility-laws\\\/#breadcrumb\"},\"inLanguage\":\"cy\",\"potentialAction\":[{\"@type\":\"ReadAction\",\"target\":[\"https:\\\/\\\/accessibility.wales\\\/uk-accessibility-laws\\\/\"]}]},{\"@type\":\"BreadcrumbList\",\"@id\":\"https:\\\/\\\/accessibility.wales\\\/uk-accessibility-laws\\\/#breadcrumb\",\"itemListElement\":[{\"@type\":\"ListItem\",\"position\":1,\"name\":\"Home\",\"item\":\"https:\\\/\\\/accessibility.wales\\\/\"},{\"@type\":\"ListItem\",\"position\":2,\"name\":\"UK Accessibility Laws\"}]},{\"@type\":\"WebSite\",\"@id\":\"https:\\\/\\\/accessibility.wales\\\/#website\",\"url\":\"https:\\\/\\\/accessibility.wales\\\/\",\"name\":\"Accessibility Wales\",\"description\":\"The internet is for everyone.\",\"potentialAction\":[{\"@type\":\"SearchAction\",\"target\":{\"@type\":\"EntryPoint\",\"urlTemplate\":\"https:\\\/\\\/accessibility.wales\\\/?s={search_term_string}\"},\"query-input\":{\"@type\":\"PropertyValueSpecification\",\"valueRequired\":true,\"valueName\":\"search_term_string\"}}],\"inLanguage\":\"cy\"}]}<\/script>\n<!-- \/ Yoast SEO plugin. -->","yoast_head_json":{"title":"UK Accessibility Laws - Accessibility Wales","description":"28% of people in Wales live with some form of impairment. In the UK organisations need to comply with the EQA and that there is a duty to make adjustments.","robots":{"index":"index","follow":"follow","max-snippet":"max-snippet:-1","max-image-preview":"max-image-preview:large","max-video-preview":"max-video-preview:-1"},"canonical":"https:\/\/accessibility.wales\/cy\/uk-accessibility-laws\/","og_locale":"en_US","og_type":"article","og_title":"UK Accessibility Laws - Accessibility Wales","og_description":"28% of people in Wales live with some form of impairment. In the UK organisations need to comply with the EQA and that there is a duty to make adjustments.","og_url":"https:\/\/accessibility.wales\/cy\/uk-accessibility-laws\/","og_site_name":"Accessibility Wales","article_modified_time":"2023-08-31T10:15:27+00:00","twitter_card":"summary_large_image","twitter_misc":{"Est. reading time":"4 munud"},"schema":{"@context":"https:\/\/schema.org","@graph":[{"@type":"WebPage","@id":"https:\/\/accessibility.wales\/uk-accessibility-laws\/","url":"https:\/\/accessibility.wales\/uk-accessibility-laws\/","name":"UK Accessibility Laws - Accessibility Wales","isPartOf":{"@id":"https:\/\/accessibility.wales\/#website"},"datePublished":"2022-08-24T12:28:27+00:00","dateModified":"2023-08-31T10:15:27+00:00","description":"28% of people in Wales live with some form of impairment. In the UK organisations need to comply with the EQA and that there is a duty to make adjustments.","breadcrumb":{"@id":"https:\/\/accessibility.wales\/uk-accessibility-laws\/#breadcrumb"},"inLanguage":"cy","potentialAction":[{"@type":"ReadAction","target":["https:\/\/accessibility.wales\/uk-accessibility-laws\/"]}]},{"@type":"BreadcrumbList","@id":"https:\/\/accessibility.wales\/uk-accessibility-laws\/#breadcrumb","itemListElement":[{"@type":"ListItem","position":1,"name":"Home","item":"https:\/\/accessibility.wales\/"},{"@type":"ListItem","position":2,"name":"UK Accessibility Laws"}]},{"@type":"WebSite","@id":"https:\/\/accessibility.wales\/#website","url":"https:\/\/accessibility.wales\/","name":"Accessibility Wales","description":"The internet is for everyone.","potentialAction":[{"@type":"SearchAction","target":{"@type":"EntryPoint","urlTemplate":"https:\/\/accessibility.wales\/?s={search_term_string}"},"query-input":{"@type":"PropertyValueSpecification","valueRequired":true,"valueName":"search_term_string"}}],"inLanguage":"cy"}]}},"_links":{"self":[{"href":"https:\/\/accessibility.wales\/cy\/wp-json\/wp\/v2\/pages\/95","targetHints":{"allow":["GET"]}}],"collection":[{"href":"https:\/\/accessibility.wales\/cy\/wp-json\/wp\/v2\/pages"}],"about":[{"href":"https:\/\/accessibility.wales\/cy\/wp-json\/wp\/v2\/types\/page"}],"author":[{"embeddable":true,"href":"https:\/\/accessibility.wales\/cy\/wp-json\/wp\/v2\/users\/1"}],"replies":[{"embeddable":true,"href":"https:\/\/accessibility.wales\/cy\/wp-json\/wp\/v2\/comments?post=95"}],"version-history":[{"count":5,"href":"https:\/\/accessibility.wales\/cy\/wp-json\/wp\/v2\/pages\/95\/revisions"}],"predecessor-version":[{"id":480,"href":"https:\/\/accessibility.wales\/cy\/wp-json\/wp\/v2\/pages\/95\/revisions\/480"}],"wp:attachment":[{"href":"https:\/\/accessibility.wales\/cy\/wp-json\/wp\/v2\/media?parent=95"}],"curies":[{"name":"wp","href":"https:\/\/api.w.org\/{rel}","templated":true}]}}